{"id":600,"date":"2014-12-02T15:35:07","date_gmt":"2014-12-02T12:35:07","guid":{"rendered":"http:\/\/www.medicredit.ee\/?page_id=600"},"modified":"2024-02-05T18:50:05","modified_gmt":"2024-02-05T15:50:05","slug":"lainatuotteet","status":"publish","type":"page","link":"https:\/\/www.medicredit.ee\/fi\/lainatuotteet\/","title":{"rendered":"Lainatuotteet"},"content":{"rendered":"<h3>MediCredit osamaksu<\/h3>\n<ul>\n<li type=\"cite\">Lainaa voi ottaa <strong>150 \u2013 10 000 euroa<\/strong><\/li>\n<li type=\"cite\">Laina voidaan maksaa takaisin sopivan ajan kuluessa <strong>3 kk &#8211; 4 vuotta<\/strong><\/li>\n<li type=\"cite\">Sopimuspalkkio <strong>0 euroa<\/strong><\/li>\n<li type=\"cite\">Sopimuksen irtisanomisesta peritt\u00e4v\u00e4 veloitus <strong>0 euroa<\/strong><\/li>\n<li type=\"cite\">Palvelumaksu (kk) <strong>0 euroa<\/strong><\/li>\n<li class=\"p1\">Muista lainam\u00e4\u00e4rist\u00e4 pyyd\u00e4mme ottamaan yhteytt\u00e4 meid\u00e4n asiantuntijoihimme, jotta voisit sopia tarkista kuukausittaisista maksuerist\u00e4<\/li>\n<\/ul>\n<div class=\"table-wrapper no-first\"><\/div>\n<div class=\"table-wrapper no-first\"><\/div>\n<div class=\"clear\">\u00a0 \u00a0 \u00a0\u00a0<a href=\"http:\/\/www.medicredit.ee\/wp-content\/uploads\/2017\/10\/medicredit_logo.png\"><img loading=\"lazy\" decoding=\"async\" class=\"alignnone wp-image-8963\" src=\"http:\/\/www.medicredit.ee\/wp-content\/uploads\/2017\/10\/medicredit_logo.png\" alt=\"medicredit_logo\" width=\"289\" height=\"73\" srcset=\"https:\/\/www.medicredit.ee\/wp-content\/uploads\/2017\/10\/medicredit_logo.png 1024w, https:\/\/www.medicredit.ee\/wp-content\/uploads\/2017\/10\/medicredit_logo-300x76.png 300w, https:\/\/www.medicredit.ee\/wp-content\/uploads\/2017\/10\/medicredit_logo-768x194.png 768w, https:\/\/www.medicredit.ee\/wp-content\/uploads\/2017\/10\/medicredit_logo-624x157.png 624w\" sizes=\"(max-width: 289px) 100vw, 289px\" \/><\/a><\/div>\n<div class=\"clear\">\n<p><span style=\"color: #ffffff;\">&#8211;<\/span><\/p>\n<p>MediCredit O\u00dc:n my\u00f6nt\u00e4m\u00e4 laina on taloudellinen sitoumus. Suosittelemme ett\u00e4 mietit taloudellista tilannettasi ennen lainan hakemista ja aikajaksoa mill\u00e4 aiot maksaa lainasi takaisin. Mieti p\u00e4\u00e4t\u00f6st\u00e4si huolellisesti, tutustu lainan ehtoihin ja tarvittaessa neuvottele asiantuntijamme kanssa<span class=\"s1\">,<\/span> joka l\u00f6yt\u00e4\u00e4 Sinulle sopivan ratkaisun.\u00a0<span class=\"s1\">Esimer<\/span><span class=\"s2\">kki<\/span><span class=\"s1\">: jos lainaat 1200 euroa 48:ksi kuukaudeksi, on\u00a0 vuosikorko 13,51% luottosaldosta.\u00a0<\/span>Ennakkomaksut 0% ja sopimuskulut 0 \u20ac. Lainan takaisinmaksut yhteens\u00e4 1560 euroa. Takaisinimaksu kuukausittain annuiteetti maksuina on 32,50 \u20ac\/kk. <span class=\"s1\">Todellinen vuosikorko on 14,4%<\/span>.<\/p>\n<\/div>\n","protected":false},"excerpt":{"rendered":"<p>MediCredit osamaksu Lainaa voi ottaa 150 \u2013 10 000 euroa Laina voidaan maksaa takaisin sopivan ajan kuluessa 3 kk &#8211; 4 vuotta Sopimuspalkkio 0 euroa Sopimuksen irtisanomisesta peritt\u00e4v\u00e4 veloitus 0 euroa Palvelumaksu (kk) 0 euroa Muista lainam\u00e4\u00e4rist\u00e4 pyyd\u00e4mme ottamaan yhteytt\u00e4 meid\u00e4n asiantuntijoihimme, jotta voisit sopia tarkista kuukausittaisista maksuerist\u00e4 \u00a0 \u00a0 \u00a0\u00a0 &#8211; MediCredit O\u00dc:n my\u00f6nt\u00e4m\u00e4 [&hellip;]<\/p>\n","protected":false},"author":9,"featured_media":0,"parent":0,"menu_order":0,"comment_status":"open","ping_status":"open","template":"","meta":{"_acf_changed":false,"footnotes":""},"acf":[],"_links":{"self":[{"href":"https:\/\/www.medicredit.ee\/fi\/wp-json\/wp\/v2\/pages\/600"}],"collection":[{"href":"https:\/\/www.medicredit.ee\/fi\/wp-json\/wp\/v2\/pages"}],"about":[{"href":"https:\/\/www.medicredit.ee\/fi\/wp-json\/wp\/v2\/types\/page"}],"author":[{"embeddable":true,"href":"https:\/\/www.medicredit.ee\/fi\/wp-json\/wp\/v2\/users\/9"}],"replies":[{"embeddable":true,"href":"https:\/\/www.medicredit.ee\/fi\/wp-json\/wp\/v2\/comments?post=600"}],"version-history":[{"count":21,"href":"https:\/\/www.medicredit.ee\/fi\/wp-json\/wp\/v2\/pages\/600\/revisions"}],"predecessor-version":[{"id":10060,"href":"https:\/\/www.medicredit.ee\/fi\/wp-json\/wp\/v2\/pages\/600\/revisions\/10060"}],"wp:attachment":[{"href":"https:\/\/www.medicredit.ee\/fi\/wp-json\/wp\/v2\/media?parent=600"}],"curies":[{"name":"wp","href":"https:\/\/api.w.org\/{rel}","templated":true}]}}