{"id":596,"date":"2014-12-02T15:34:04","date_gmt":"2014-12-02T12:34:04","guid":{"rendered":"http:\/\/www.medicredit.ee\/?page_id=596"},"modified":"2024-02-05T18:40:21","modified_gmt":"2024-02-05T15:40:21","slug":"mitenlainata","status":"publish","type":"page","link":"https:\/\/www.medicredit.ee\/fi\/mitenlainata\/","title":{"rendered":"Miten lainata?"},"content":{"rendered":"<div id=\"lipsum\">\n<h3 class=\"p1\"><strong>MediCredit my\u00f6nt\u00e4\u00e4 lainam\u00e4\u00e4r\u00e4t 150 &#8211; 10 000 euroa.<\/strong><\/h3>\n<p class=\"p1\">P\u00e4\u00e4t\u00f6ksen lainan my\u00f6nt\u00e4misest\u00e4 saat nopeasti, yleens\u00e4 muutamassa tunnissa. Laina voidaan maksaa takaisin sopivalla ajalla 3 kk &#8211; 4 vuotta.<\/p>\n<p class=\"p1\"><strong>Lainan hakemiseksi on kaksi mahdollisuutta:<\/strong><\/p>\n<p class=\"p1\">\u2022 Lainan hakeminen hoitolaitoksessa, josta saat terveyspalveluja,<\/p>\n<p class=\"p1\">\u2022 Lainan hakeminen internetiss\u00e4.<\/p>\n<p class=\"p1\">Lainan hakeminen hoitolaitoksessa tapahtuu yhteisty\u00f6ss\u00e4 hoitolaitoksen ty\u00f6ntekij\u00f6iden kanssa ja huomioiden Sinulle laadittua hoitosuunnitelmaa ja\/tai hintatarjousta toivomasi terveyspalvelulle.<\/p>\n<p class=\"p1\">Lainan hakeminen internetist\u00e4 tapahtuu <a href=\"https:\/\/www.medicredit.ee\/fi\/lainanhakeminen\/\">t\u00e4\u00e4ll\u00e4<\/a>.<\/p>\n<p class=\"p2\">Rahan siirtymisest\u00e4, lainasumman k\u00e4yt\u00f6st\u00e4 ynn\u00e4 muusta voi lukea <span class=\"s1\"><a href=\"https:\/\/www.medicredit.ee\/fi\/ukk\/\">t\u00e4\u00e4lt\u00e4<\/a>.<\/span><\/p>\n<p><span style=\"color: #ffffff;\">&#8211;<\/span><\/p>\n<p>MediCredit O\u00dc:n my\u00f6nt\u00e4m\u00e4 laina on taloudellinen sitoumus. Suosittelemme ett\u00e4 mietit taloudellista tilannettasi ennen lainan hakemista ja aikajaksoa mill\u00e4 aiot maksaa lainasi takaisin. Mieti p\u00e4\u00e4t\u00f6st\u00e4si huolellisesti, tutustu lainan ehtoihin ja tarvittaessa neuvottele asiantuntijamme kanssa<span class=\"s1\">,<\/span> joka l\u00f6yt\u00e4\u00e4 Sinulle sopivan ratkaisun.\u00a0<span class=\"s1\">Esimer<\/span><span class=\"s2\">kki<\/span><span class=\"s1\">: jos lainaat 1200 euroa 48:ksi kuukaudeksi, on\u00a0 vuosikorko 13,51% luottosaldosta.\u00a0<\/span>Ennakkomaksut 0% ja sopimuskulut 0 \u20ac. Lainan takaisinmaksut yhteens\u00e4 1560 euroa. Takaisinimaksu kuukausittain annuiteetti maksuina on 32,50 \u20ac\/kk. <span class=\"s1\">Todellinen vuosikorko on 14,4%<\/span>.<\/p>\n<\/div>\n","protected":false},"excerpt":{"rendered":"<p>MediCredit my\u00f6nt\u00e4\u00e4 lainam\u00e4\u00e4r\u00e4t 150 &#8211; 10 000 euroa. P\u00e4\u00e4t\u00f6ksen lainan my\u00f6nt\u00e4misest\u00e4 saat nopeasti, yleens\u00e4 muutamassa tunnissa. Laina voidaan maksaa takaisin sopivalla ajalla 3 kk &#8211; 4 vuotta. Lainan hakemiseksi on kaksi mahdollisuutta: \u2022 Lainan hakeminen hoitolaitoksessa, josta saat terveyspalveluja, \u2022 Lainan hakeminen internetiss\u00e4. Lainan hakeminen hoitolaitoksessa tapahtuu yhteisty\u00f6ss\u00e4 hoitolaitoksen ty\u00f6ntekij\u00f6iden kanssa ja huomioiden Sinulle laadittua [&hellip;]<\/p>\n","protected":false},"author":9,"featured_media":0,"parent":0,"menu_order":0,"comment_status":"open","ping_status":"open","template":"","meta":{"_acf_changed":false,"footnotes":""},"class_list":["post-596","page","type-page","status-publish","hentry"],"acf":[],"_links":{"self":[{"href":"https:\/\/www.medicredit.ee\/fi\/wp-json\/wp\/v2\/pages\/596","targetHints":{"allow":["GET"]}}],"collection":[{"href":"https:\/\/www.medicredit.ee\/fi\/wp-json\/wp\/v2\/pages"}],"about":[{"href":"https:\/\/www.medicredit.ee\/fi\/wp-json\/wp\/v2\/types\/page"}],"author":[{"embeddable":true,"href":"https:\/\/www.medicredit.ee\/fi\/wp-json\/wp\/v2\/users\/9"}],"replies":[{"embeddable":true,"href":"https:\/\/www.medicredit.ee\/fi\/wp-json\/wp\/v2\/comments?post=596"}],"version-history":[{"count":11,"href":"https:\/\/www.medicredit.ee\/fi\/wp-json\/wp\/v2\/pages\/596\/revisions"}],"predecessor-version":[{"id":10054,"href":"https:\/\/www.medicredit.ee\/fi\/wp-json\/wp\/v2\/pages\/596\/revisions\/10054"}],"wp:attachment":[{"href":"https:\/\/www.medicredit.ee\/fi\/wp-json\/wp\/v2\/media?parent=596"}],"curies":[{"name":"wp","href":"https:\/\/api.w.org\/{rel}","templated":true}]}}