{"id":590,"date":"2014-12-02T15:33:02","date_gmt":"2014-12-02T12:33:02","guid":{"rendered":"http:\/\/www.medicredit.ee\/?page_id=590"},"modified":"2026-03-27T14:30:58","modified_gmt":"2026-03-27T11:30:58","slug":"ukk","status":"publish","type":"page","link":"https:\/\/www.medicredit.ee\/fi\/ukk\/","title":{"rendered":"UKK"},"content":{"rendered":"<div id=\"lipsum\">\n<p class=\"p1\"><b>Mihin palveluihin voin saada lainaa? <\/b><\/p>\n<p class=\"p1\">MediCredit my\u00f6nt\u00e4\u00e4 kohdistettua lainaa erilaisten terveyspalvelujen ja l\u00e4\u00e4k\u00e4ritoimenpiteiden kustantamista varten, esimerkiksi hammashoito, esteettinen korjausleikkaus, kohdun ulkoinen hedelm\u00f6itys, suonikohjujen poisto, bariatriset leikkaukset ja silmien laserleikkaus.<\/p>\n<p class=\"p1\"><b>Kuinka isot ovat lainam\u00e4\u00e4r\u00e4t? <\/b><\/p>\n<p class=\"p1\">MediCrediti:n my\u00f6nt\u00e4m\u00e4t lainam\u00e4\u00e4r\u00e4t ovat 150 &#8211; 10 000 euroa.<\/p>\n<p class=\"p1\"><b>Kuinka pitk\u00e4 on takaisinmaksuaika? <\/b><\/p>\n<p class=\"p1\">Riippumatta valitusta lainasummasta Sinulla on mahdollista toteuttaa sopiva takaisinmaksuaika &#8211; 3 kk &#8211; 4 vuotta.<\/p>\n<p class=\"p1\"><b>Kuinka nopeasti saan hakemukseeni vastauksen? <\/b><\/p>\n<p class=\"p2\">Vastauksen lainahakemuksen saat nopeasti, yleens\u00e4 muutamassa tunnissa.<\/p>\n<p class=\"p2\"><b>Miten raha liikkuu? <\/b><\/p>\n<p class=\"p2\">Lainasumma liikkuu Lainanantajalta suoraan hoitolaitokselle. Hoitolaitos laskuttaa toteutetusta terveyspalvelusta- tai palveluista ja laskun maksaa MediCredit. T\u00e4m\u00e4 tarkoittaa, ett\u00e4 lainaa saa k\u00e4ytt\u00e4\u00e4 vain terveystoimenpiteiden ja hoitopalvelujen maksamiseksi ja ei ole mahdollista k\u00e4ytt\u00e4\u00e4 lainaa muuhun tarkoitukseen.<\/p>\n<p class=\"p2\"><b>Miten voin k\u00e4ytt\u00e4\u00e4 lainasumaa? <\/b><\/p>\n<p class=\"p2\">Voit k\u00e4ytt\u00e4\u00e4 lainaa siten, ett\u00e4 maksat sopimuksellisesti hoitopalvelun tarjojalle palveluista joko hoidon alussa tai hoidon j\u00e4lkeen.<span class=\"Apple-converted-space\">\u00a0 <\/span>Maksamalla kaikki rahat hoitotoimenpiteiden alussa, voit heti aloittaa lainan takaisinmaksamisen. N\u00e4in vapaudut nopeammin lainan takaisinmaksu- velvollisuudesta.<\/p>\n<p class=\"p2\">Jos hoitokustannukset ylitt\u00e4v\u00e4t MediCrediti:n tarjoaman isoimman lainam\u00e4\u00e4r\u00e4n (10 000 euroa), lukuun ottamatta erityissopimukset, tulisi puuttuva summa maksaa itse ja pit\u00e4\u00e4 sit\u00e4 omarahoituksena.<\/p>\n<p class=\"p2\"><b> Millaisia \u200b\u200bhoitolaitoksia voin k\u00e4ytt\u00e4\u00e4? <\/b><\/p>\n<p class=\"p2\">Hoitolaitoksille ei ole rajoituksia. Joten voit valita sopivimman hoitolaitoksen johtuen omista toiveistasi, hoitolaitoksen sijainnista ja tarjottavien terveyspalvelujen hinnoista.<\/p>\n<p class=\"p2\">Tutustu MediCrediti:n<span class=\"Apple-converted-space\">\u00a0 <\/span>kumppaneihin <span class=\"s1\"><a href=\"https:\/\/www.medicredit.ee\/fi\/yhteistyokumppanit\/\">t\u00e4\u00e4ll\u00e4<\/a>.<\/span><\/p>\n<\/div>\n","protected":false},"excerpt":{"rendered":"<p>Mihin palveluihin voin saada lainaa? MediCredit my\u00f6nt\u00e4\u00e4 kohdistettua lainaa erilaisten terveyspalvelujen ja l\u00e4\u00e4k\u00e4ritoimenpiteiden kustantamista varten, esimerkiksi hammashoito, esteettinen korjausleikkaus, kohdun ulkoinen hedelm\u00f6itys, suonikohjujen poisto, bariatriset leikkaukset ja silmien laserleikkaus. Kuinka isot ovat lainam\u00e4\u00e4r\u00e4t? MediCrediti:n my\u00f6nt\u00e4m\u00e4t lainam\u00e4\u00e4r\u00e4t ovat 150 &#8211; 10 000 euroa. Kuinka pitk\u00e4 on takaisinmaksuaika? Riippumatta valitusta lainasummasta Sinulla on mahdollista toteuttaa sopiva takaisinmaksuaika [&hellip;]<\/p>\n","protected":false},"author":9,"featured_media":0,"parent":0,"menu_order":0,"comment_status":"open","ping_status":"open","template":"","meta":{"_acf_changed":false,"footnotes":""},"class_list":["post-590","page","type-page","status-publish","hentry"],"acf":[],"_links":{"self":[{"href":"https:\/\/www.medicredit.ee\/fi\/wp-json\/wp\/v2\/pages\/590","targetHints":{"allow":["GET"]}}],"collection":[{"href":"https:\/\/www.medicredit.ee\/fi\/wp-json\/wp\/v2\/pages"}],"about":[{"href":"https:\/\/www.medicredit.ee\/fi\/wp-json\/wp\/v2\/types\/page"}],"author":[{"embeddable":true,"href":"https:\/\/www.medicredit.ee\/fi\/wp-json\/wp\/v2\/users\/9"}],"replies":[{"embeddable":true,"href":"https:\/\/www.medicredit.ee\/fi\/wp-json\/wp\/v2\/comments?post=590"}],"version-history":[{"count":7,"href":"https:\/\/www.medicredit.ee\/fi\/wp-json\/wp\/v2\/pages\/590\/revisions"}],"predecessor-version":[{"id":10156,"href":"https:\/\/www.medicredit.ee\/fi\/wp-json\/wp\/v2\/pages\/590\/revisions\/10156"}],"wp:attachment":[{"href":"https:\/\/www.medicredit.ee\/fi\/wp-json\/wp\/v2\/media?parent=590"}],"curies":[{"name":"wp","href":"https:\/\/api.w.org\/{rel}","templated":true}]}}