{"id":1298,"date":"2014-12-02T15:38:57","date_gmt":"2014-12-02T12:38:57","guid":{"rendered":"http:\/\/www.medicredit.ee\/?page_id=1298"},"modified":"2026-03-27T15:02:32","modified_gmt":"2026-03-27T12:02:32","slug":"esittely","status":"publish","type":"page","link":"https:\/\/www.medicredit.ee\/fi\/esittely\/","title":{"rendered":"Esittely"},"content":{"rendered":"<h3 class=\"p1\"><span style=\"color: #b33737;\">MediCredit on ainutlaatuinen rahoitusyhti\u00f6, joka my\u00f6nt\u00e4\u00e4 lainoja vain l\u00e4\u00e4ketieteellisten toimenpiteiden toteuttamiseen.<\/span><\/h3>\n<p class=\"p1\">MediCreditin lainan avulla voit mahdollistaa odottamattomat ja kiireelliset l\u00e4\u00e4k\u00e4rik\u00e4ynnit, k\u00e4\u00e4nty\u00e4 maksullisen erikoisl\u00e4\u00e4k\u00e4rin puoleen, sek\u00e4 rahoittaa<span class=\"Apple-converted-space\">\u00a0 <\/span>toimenpiteit\u00e4, jotka eiv\u00e4t kuuluu KELA hyvityksen piiriin.<\/p>\n<p class=\"p1\">MediCreditin kohdistetun lainan avulla voit rahoittaa terveyspalveluja, kuten<\/p>\n<ul>\n<li class=\"p1\">hammashoito (mukaan lukien proteesien valmistus, hammasimplantit, posiliinikuorikot),<\/li>\n<li class=\"p1\">korjaava esteettinen kirurgia,<\/li>\n<li class=\"p1\">suonikohjujen poistot,<\/li>\n<li class=\"p1\">silm\u00e4n laserkorjausleikkaukset,<\/li>\n<li class=\"p1\">Kohdun ulkoinen hedelm\u00f6itys (IVF)<\/li>\n<li class=\"p1\">bariatriset leikkaukset (vatsalaukun ohitusleikkaus )<\/li>\n<\/ul>\n<p><em>ja useita muita l\u00e4\u00e4ketieteellisi\u00e4 ja hoitopalveluita.<\/em><\/p>\n<p class=\"p1\"><strong>MediCreditin lainan hakeminen on nopeaa, k\u00e4tev\u00e4\u00e4 ja luottamuksellista.<\/strong> Katso lis\u00e4\u00e4 <span class=\"s1\"><a href=\"https:\/\/www.medicredit.ee\/fi\/lainanhakeminen\/\">t\u00e4\u00e4lt\u00e4<\/a>.<\/span><\/p>\n<p><a href=\"http:\/\/www.medicredit.ee\/wp-content\/uploads\/2017\/10\/medicredit_logo-300x76.png\"><img loading=\"lazy\" decoding=\"async\" class=\"alignnone size-medium wp-image-8962\" src=\"http:\/\/www.medicredit.ee\/wp-content\/uploads\/2017\/10\/medicredit_logo-300x76.png\" alt=\"\" width=\"300\" height=\"76\" srcset=\"https:\/\/www.medicredit.ee\/wp-content\/uploads\/2017\/10\/medicredit_logo-300x76.png 300w, https:\/\/www.medicredit.ee\/wp-content\/uploads\/2017\/10\/medicredit_logo-768x194.png 768w, https:\/\/www.medicredit.ee\/wp-content\/uploads\/2017\/10\/medicredit_logo.png 1024w, https:\/\/www.medicredit.ee\/wp-content\/uploads\/2017\/10\/medicredit_logo-624x157.png 624w\" sizes=\"auto, (max-width: 300px) 100vw, 300px\" \/><\/a><\/p>\n<p><span style=\"color: #ffffff;\">&#8211;<\/span><\/p>\n<p>MediCredit O\u00dc:n my\u00f6nt\u00e4m\u00e4 laina on taloudellinen sitoumus. Suosittelemme ett\u00e4 mietit taloudellista tilannettasi ennen lainan hakemista ja aikajaksoa mill\u00e4 aiot maksaa lainasi takaisin. Mieti p\u00e4\u00e4t\u00f6st\u00e4si huolellisesti, tutustu lainan ehtoihin ja tarvittaessa neuvottele asiantuntijamme kanssa<span class=\"s1\">,<\/span> joka l\u00f6yt\u00e4\u00e4 Sinulle sopivan ratkaisun.\u00a0<span class=\"s1\">Esimer<\/span><span class=\"s2\">kki<\/span><span class=\"s1\">: jos lainaat 1200 euroa 48:ksi kuukaudeksi, on\u00a0 vuosikorko 13,51% luottosaldosta.\u00a0<\/span>Ennakkomaksut 0% ja sopimuskulut 0 \u20ac. Lainan takaisinmaksut yhteens\u00e4 1560 euroa. Takaisinimaksu kuukausittain annuiteetti maksuina on 32,50 \u20ac\/kk. <span class=\"s1\">Todellinen vuosikorko on 14,4%<\/span>.<\/p>\n","protected":false},"excerpt":{"rendered":"<p>MediCredit on ainutlaatuinen rahoitusyhti\u00f6, joka my\u00f6nt\u00e4\u00e4 lainoja vain l\u00e4\u00e4ketieteellisten toimenpiteiden toteuttamiseen. MediCreditin lainan avulla voit mahdollistaa odottamattomat ja kiireelliset l\u00e4\u00e4k\u00e4rik\u00e4ynnit, k\u00e4\u00e4nty\u00e4 maksullisen erikoisl\u00e4\u00e4k\u00e4rin puoleen, sek\u00e4 rahoittaa\u00a0 toimenpiteit\u00e4, jotka eiv\u00e4t kuuluu KELA hyvityksen piiriin. MediCreditin kohdistetun lainan avulla voit rahoittaa terveyspalveluja, kuten hammashoito (mukaan lukien proteesien valmistus, hammasimplantit, posiliinikuorikot), korjaava esteettinen kirurgia, suonikohjujen poistot, silm\u00e4n laserkorjausleikkaukset, [&hellip;]<\/p>\n","protected":false},"author":9,"featured_media":0,"parent":0,"menu_order":0,"comment_status":"open","ping_status":"open","template":"","meta":{"_acf_changed":false,"footnotes":""},"class_list":["post-1298","page","type-page","status-publish","hentry"],"acf":[],"_links":{"self":[{"href":"https:\/\/www.medicredit.ee\/fi\/wp-json\/wp\/v2\/pages\/1298","targetHints":{"allow":["GET"]}}],"collection":[{"href":"https:\/\/www.medicredit.ee\/fi\/wp-json\/wp\/v2\/pages"}],"about":[{"href":"https:\/\/www.medicredit.ee\/fi\/wp-json\/wp\/v2\/types\/page"}],"author":[{"embeddable":true,"href":"https:\/\/www.medicredit.ee\/fi\/wp-json\/wp\/v2\/users\/9"}],"replies":[{"embeddable":true,"href":"https:\/\/www.medicredit.ee\/fi\/wp-json\/wp\/v2\/comments?post=1298"}],"version-history":[{"count":13,"href":"https:\/\/www.medicredit.ee\/fi\/wp-json\/wp\/v2\/pages\/1298\/revisions"}],"predecessor-version":[{"id":10162,"href":"https:\/\/www.medicredit.ee\/fi\/wp-json\/wp\/v2\/pages\/1298\/revisions\/10162"}],"wp:attachment":[{"href":"https:\/\/www.medicredit.ee\/fi\/wp-json\/wp\/v2\/media?parent=1298"}],"curies":[{"name":"wp","href":"https:\/\/api.w.org\/{rel}","templated":true}]}}